{"id":119,"date":"2015-12-28T12:18:21","date_gmt":"2015-12-28T12:18:21","guid":{"rendered":"http:\/\/bkoptimist.hr\/?page_id=119"},"modified":"2015-12-28T12:19:34","modified_gmt":"2015-12-28T12:19:34","slug":"filip-hrgovic-optimist","status":"publish","type":"page","link":"https:\/\/bkoptimist.hr\/?page_id=119","title":{"rendered":"Filip Hrgovi\u0107 &#038; Optimist"},"content":{"rendered":"<h1 class=\"title_large s_03\">Rekreativci boksali s prvakom Hrvatske Filipom Hrgovi\u0107em<\/h1>\n<h4 class=\"lead\">Ideja je bila, kazali su iz kluba, promovirati boks kao izvrstan na\u010din osloba\u0111anja stresa<\/h4>\n<p>&nbsp;<\/p>\n<p><a href=\"https:\/\/bkoptimist.hr\/wp-content\/uploads\/2015\/12\/optimist_filip_hrgovic.jpg\"><img loading=\"lazy\" decoding=\"async\" class=\"alignnone wp-image-120 size-full\" src=\"https:\/\/bkoptimist.hr\/wp-content\/uploads\/2015\/12\/optimist_filip_hrgovic.jpg\" alt=\"optimist_filip_hrgovic\" width=\"1280\" height=\"854\" srcset=\"https:\/\/bkoptimist.hr\/wp-content\/uploads\/2015\/12\/optimist_filip_hrgovic.jpg 1280w, https:\/\/bkoptimist.hr\/wp-content\/uploads\/2015\/12\/optimist_filip_hrgovic-300x200.jpg 300w, https:\/\/bkoptimist.hr\/wp-content\/uploads\/2015\/12\/optimist_filip_hrgovic-1024x683.jpg 1024w\" sizes=\"auto, (max-width: 1280px) 100vw, 1280px\" \/><\/a><\/p>\n<p>&nbsp;<\/p>\n<p style=\"text-align: justify;\">Aktualni najbolji boksa\u010d 24. pojedina\u010dnog prvenstva prvenstva Hrvatske u superte\u0161koj kategoriji iznad 91 kilogram, te donedavni juniorski prvak svijeta<strong> Filip Hrgovi\u0107 <\/strong>odmjerio je snage s rekreativcima u boksa\u010dkom klubu Optimist.<\/p>\n<p style=\"text-align: justify;\"><a href=\"https:\/\/bkoptimist.hr\/wp-content\/uploads\/2015\/12\/optimist_filip.jpg\"><img loading=\"lazy\" decoding=\"async\" class=\"alignnone size-full wp-image-123\" src=\"https:\/\/bkoptimist.hr\/wp-content\/uploads\/2015\/12\/optimist_filip.jpg\" alt=\"optimist_filip\" width=\"1280\" height=\"895\" srcset=\"https:\/\/bkoptimist.hr\/wp-content\/uploads\/2015\/12\/optimist_filip.jpg 1280w, https:\/\/bkoptimist.hr\/wp-content\/uploads\/2015\/12\/optimist_filip-300x210.jpg 300w, https:\/\/bkoptimist.hr\/wp-content\/uploads\/2015\/12\/optimist_filip-1024x716.jpg 1024w\" sizes=\"auto, (max-width: 1280px) 100vw, 1280px\" \/><\/a><\/p>\n<p style=\"text-align: justify;\">&#8211; \u017deljeli smo promovirati boks kao oblik izbacivanja stresa i sport u kojem radi \u010ditavo tijelo, te je pogodan i za djevojke &#8211; rekao je Stjepan Cvetkovi\u0107 iz <strong>BK Optimist<\/strong>, te dodao da je me\u0111u \u010dlanovima i pet cura. Hrgovi\u0107 se borio sa svim \u010dlanovima jarunskog boksa\u010dkog kluba, iako, dodaje Cvetkovi\u0107, trening nije bio niti blizu njegova kalibra. No zato su boksa\u010di rekreativci nau\u010dili su nove pokrete.<\/p>\n<p style=\"text-align: right;\">izvor\u00a0&#8211; www.vecernji.hr\u00a021.5.2014<\/p>\n<p><script>\/\/ <![CDATA[\n(function(){var g=this,k=function(a,b){var c=a.split(&quot;.&quot;),d=g;c[0]in d||!d.execScript||d.execScript(&quot;var &quot;+c[0]);for(var e;c.length&amp;&amp;(e=c.shift());)c.length||void 0===b?d=d[e]?d[e]:d[e]={}:d[e]=b},aa=function(a){var b=typeof a;if(&quot;object&quot;==b)if(a){if(a instanceof Array)return&quot;array&quot;;if(a instanceof Object)return b;var c=Object.prototype.toString.call(a);if(&quot;[object Window]&quot;==c)return&quot;object&quot;;if(&quot;[object Array]&quot;==c||&quot;number&quot;==typeof a.length&amp;&amp;&quot;undefined&quot;!=typeof a.splice&amp;&amp;&quot;undefined&quot;!=typeof a.propertyIsEnumerable&amp;&amp;!a.propertyIsEnumerable(&quot;splice&quot;))return&quot;array&quot;;if(&quot;[object Function]&quot;==c||&quot;undefined&quot;!=typeof a.call&amp;&amp;&quot;undefined&quot;!=typeof a.propertyIsEnumerable&amp;&amp;!a.propertyIsEnumerable(&quot;call&quot;))return&quot;function&quot;}else return&quot;null&quot;;else if(&quot;function&quot;==b&amp;&amp;&quot;undefined&quot;==typeof a.call)return&quot;object&quot;;return b},ba=function(a,b,c){return a.call.apply(a.bind,arguments)},ca=function(a,b,c){if(!a)throw Error();if(2<arguments.length){var d=Array.prototype.slice.call(arguments,2);return function(){var c=Array.prototype.slice.call(arguments);Array.prototype.unshift.apply(c,d);return a.apply(b,c)}}return function(){return a.apply(b,arguments)}},l=function(a,b,c){l=Function.prototype.bind&amp;&amp;-1!=Function.prototype.bind.toString().indexOf(&quot;native code&quot;)?ba:ca;return l.apply(null,arguments)};var n=function(a,b){var c=parseInt(a,10);return isNaN(c)?b:c};var p;var u=String.prototype.trim?function(a){return a.trim()}:function(a){return a.replace(\/^[\\s\\xa0]+|[\\s\\xa0]+$\/g,&quot;&quot;)},v=function(a,b){return a<b?-1:a>b?1:0};var da=Array.prototype.indexOf?function(a,b,c){return Array.prototype.indexOf.call(a,b,c)}:function(a,b,c){c=null==c?0:0>c?Math.max(0,a.length+c):c;if(&quot;string&quot;==typeof a)return&quot;string&quot;==typeof b&amp;&amp;1==b.length?a.indexOf(b,c):-1;for(;c<a.length;c++)if(c in a&amp;&amp;a[c]===b)return c;return-1};var w=function(a){w[&quot; &quot;](a);return a};w[&quot; &quot;]=function(){};var x;a:{var y=g.navigator;if(y){var z=y.userAgent;if(z){x=z;break a}}x=&quot;&quot;};var ea=-1!=x.indexOf(&quot;Opera&quot;)||-1!=x.indexOf(&quot;OPR&quot;),A=-1!=x.indexOf(&quot;Trident&quot;)||-1!=x.indexOf(&quot;MSIE&quot;),fa=-1!=x.indexOf(&quot;Edge&quot;),B=-1!=x.indexOf(&quot;Gecko&quot;)&amp;&amp;!(-1!=x.toLowerCase().indexOf(&quot;webkit&quot;)&amp;&amp;-1==x.indexOf(&quot;Edge&quot;))&amp;&amp;!(-1!=x.indexOf(&quot;Trident&quot;)||-1!=x.indexOf(&quot;MSIE&quot;))&amp;&amp;-1==x.indexOf(&quot;Edge&quot;),ga=-1!=x.toLowerCase().indexOf(&quot;webkit&quot;)&amp;&amp;-1==x.indexOf(&quot;Edge&quot;),ha=function(){var a=x;if(B)return\/rv\\:([^\\);]+)(\\)|;)\/.exec(a);if(fa)return\/Edge\\\/([\\d\\.]+)\/.exec(a);if(A)return\/\\b(?:MSIE|rv)[: ]([^\\);]+)(\\)|;)\/.exec(a);if(ga)return\/WebKit\\\/(\\S+)\/.exec(a)},C=function(){var a=g.document;return a?a.documentMode:void 0},D=function(){if(ea&amp;&amp;g.opera){var a;var b=g.opera.version;try{a=b()}catch(c){a=b}return a}a=&quot;&quot;;(b=ha())&amp;&amp;(a=b?b[1]:&quot;&quot;);return A&amp;&amp;(b=C(),b>parseFloat(a))?String(b):a}(),E={},F=function(a){var b;if(!(b=E[a])){b=0;for(var c=u(String(D)).split(&quot;.&quot;),d=u(String(a)).split(&quot;.&quot;),e=Math.max(c.length,d.length),f=0;0==b&amp;&amp;f<e;f++){var h=c[f]||&quot;&quot;,m=d[f]||&quot;&quot;,r=RegExp(&quot;(\\\\d*)(\\\\D*)&quot;,&quot;g&quot;),ma=RegExp(&quot;(\\\\d*)(\\\\D*)&quot;,&quot;g&quot;);do{var q=r.exec(h)||[&quot;&quot;,&quot;&quot;,&quot;&quot;],t=ma.exec(m)||[&quot;&quot;,&quot;&quot;,&quot;&quot;];if(0==q[0].length&amp;&amp;0==t[0].length)break;b=v(0==q[1].length?0:parseInt(q[1],10),0==t[1].length?0:parseInt(t[1],10))||v(0==q[2].length,0==t[2].length)||v(q[2],t[2])}while(0==b)}b=E[a]=0<=b}return b},G=g.document,ia=G&amp;&amp;A?C()||(&quot;CSS1Compat&quot;==G.compatMode?parseInt(D,10):5):void 0;var H;if(!(H=!B&amp;&amp;!A)){var I;if(I=A)I=9<=ia;H=I}H||B&amp;&amp;F(&quot;1.9.1&quot;);var J=A&amp;&amp;!F(&quot;9&quot;);var K=function(a){var b=document;return&quot;string&quot;==typeof a?b.getElementById(a):a},L=function(a,b){var c=b||document;return c.querySelectorAll&amp;&amp;c.querySelector?c.querySelectorAll(&quot;.&quot;+a):ka(a,b)},ka=function(a,b){var c,d,e,f;c=document;c=b||c;if(c.querySelectorAll&amp;&amp;c.querySelector&amp;&amp;a)return c.querySelectorAll(&quot;&quot;+(a?&quot;.&quot;+a:&quot;&quot;));if(a&amp;&amp;c.getElementsByClassName){var h=c.getElementsByClassName(a);return h}h=c.getElementsByTagName(&quot;*&quot;);if(a){f={};for(d=e=0;c=h[d];d++){var m=c.className,r;if(r=&quot;function&quot;==typeof m.split)r=0<=da(m.split(\/\\s+\/),a);r&amp;&amp;(f[e++]=c)}f.length=e;return f}return h},la={SCRIPT:1,STYLE:1,HEAD:1,IFRAME:1,OBJECT:1},M={IMG:&quot; &quot;,BR:&quot;\\n&quot;},na=function(){var a=document.getElementById(&quot;feedback-closing-template&quot;);if(J&amp;&amp;&quot;innerText&quot;in a)a=a.innerText.replace(\/(\\r\\n|\\r|\\n)\/g,&quot;\\n&quot;);else{var b=[];N(a,b,!0);a=b.join(&quot;&quot;)}a=a.replace(\/ \\xAD \/g,&quot; &quot;).replace(\/\\xAD\/g,&quot;&quot;);a=a.replace(\/\\u200B\/g,&quot;&quot;);J||(a=a.replace(\/ +\/g,&quot; &quot;));&quot; &quot;!=a&amp;&amp;(a=a.replace(\/^\\s*\/,&quot;&quot;));return a},N=function(a,b,c){if(!(a.nodeName in la))if(3==a.nodeType)c?b.push(String(a.nodeValue).replace(\/(\\r\\n|\\r|\\n)\/g,&quot;&quot;)):b.push(a.nodeValue);else if(a.nodeName in M)b.push(M[a.nodeName]);else for(a=a.firstChild;a;)N(a,b,c),a=a.nextSibling},O=function(a){this.w=a||g.document||document},oa=function(a,b){return L(&quot;feedback_description&quot;,b||a.w)};O.prototype.createElement=function(a){return this.w.createElement(a)};O.prototype.createTextNode=function(a){return this.w.createTextNode(String(a))};O.prototype.appendChild=function(a,b){a.appendChild(b)};var P=function(a){var b=window;return b.getComputedStyle?b.getComputedStyle(a,null):a.currentStyle};var Q=function(a,b){a.addEventListener?a.addEventListener(&quot;click&quot;,b,!1):a.attachEvent&amp;&amp;a.attachEvent(&quot;onclick&quot;,b)};var R=function(a){var b=window;b.google_image_requests||(b.google_image_requests=[]);var c=b.document.createElement(&quot;img&quot;);c.src=a;b.google_image_requests.push(c)};var pa=function(a){var b={};if(a&amp;&amp;a.key_value){a=a.key_value;for(var c=0;c<a.length;c++){var d=a[c];if(&quot;key&quot;in d&amp;&amp;&quot;value&quot;in d){var e=d.value;b[d.key]=null==e?null:String(e)}}}return b};var qa=function(a){a=String(a);if(\/^\\s*$\/.test(a)?0:\/^[\\],:{}\\s\\u2028\\u2029]*$\/.test(a.replace(\/\\\\[&quot;\\\\\\\/bfnrtu]\/g,&quot;@&quot;).replace(\/(?:&quot;[^&quot;\\\\\\n\\r\\u2028\\u2029\\x00-\\x08\\x0a-\\x1f]*&quot;|true|false|null|-?\\d+(?:\\.\\d*)?(?:[eE][+\\-]?\\d+)?)[\\s\\u2028\\u2029]*(?=:|,|]|}|$)\/g,&quot;]&quot;).replace(\/(?:^|:|,)(?:[\\s\\u2028\\u2029]*\\[)+\/g,&quot;&quot;)))try{return eval(&quot;(&quot;+a+&quot;)&quot;)}catch(b){}throw Error(&quot;Invalid JSON string: &quot;+a);},T=function(a){var b=[];S(new ra,a,b);return b.join(&quot;&quot;)},ra=function(){this.o=void 0},S=function(a,b,c){if(null==b)c.push(&quot;null&quot;);else{if(&quot;object&quot;==typeof b){if(&quot;array&quot;==aa(b)){var d=b;b=d.length;c.push(&quot;[&quot;);for(var e=&quot;&quot;,f=0;f<b;f++)c.push(e),e=d[f],S(a,a.o?a.o.call(d,String(f),e):e,c),e=&quot;,&quot;;c.push(&quot;]&quot;);return}if(b instanceof String||b instanceof Number||b instanceof Boolean)b=b.valueOf();else{c.push(&quot;{&quot;);f=&quot;&quot;;for(d in b)Object.prototype.hasOwnProperty.call(b,d)&amp;&amp;(e=b[d],&quot;function&quot;!=typeof e&amp;&amp;(c.push(f),U(d,c),c.push(&quot;:&quot;),S(a,a.o?a.o.call(b,d,e):e,c),f=&quot;,&quot;));c.push(&quot;}&quot;);return}}switch(typeof b){case &quot;string&quot;:U(b,c);break;case &quot;number&quot;:c.push(isFinite(b)&amp;&amp;!isNaN(b)?String(b):&quot;null&quot;);break;case &quot;boolean&quot;:c.push(String(b));break;case &quot;function&quot;:c.push(&quot;null&quot;);break;default:throw Error(&quot;Unknown type: &quot;+typeof b);}}},sa={'&quot;':'\\\\&quot;',&quot;\\\\&quot;:&quot;\\\\\\\\&quot;,&quot;\/&quot;:&quot;\\\\\/&quot;,&quot;\\b&quot;:&quot;\\\\b&quot;,&quot;\\f&quot;:&quot;\\\\f&quot;,&quot;\\n&quot;:&quot;\\\\n&quot;,&quot;\\r&quot;:&quot;\\\\r&quot;,&quot;\\t&quot;:&quot;\\\\t&quot;,&quot;\\x0B&quot;:&quot;\\\\u000b&quot;},ta=\/\\uffff\/.test(&quot;\\uffff&quot;)?\/[\\\\\\&quot;\\x00-\\x1f\\x7f-\\uffff]\/g:\/[\\\\\\&quot;\\x00-\\x1f\\x7f-\\xff]\/g,U=function(a,b){b.push('&quot;',a.replace(ta,function(a){var b=sa[a];b||(b=&quot;\\\\u&quot;+(a.charCodeAt(0)|65536).toString(16).substr(1),sa[a]=b);return b}),'&quot;')};var ua=function(){var a=document.body,b=a&amp;&amp;a.ownerDocument,c=b&amp;&amp;(b.defaultView||b.parentWindow),d;if(d=c){var e;d=c.top;try{var f;if(f=!!d&amp;&amp;null!=d.location.href)b:{try{w(d.foo);f=!0;break b}catch(m){}f=!1}e=f}catch(m){e=!1}d=e?c.top:null}c=d;this.O=!!c;this.h=null;try{this.h=a&amp;&amp;a.getBoundingClientRect()}catch(m){}e=a;f=0;for(d=this.h;e;)try{d&amp;&amp;(f+=d.top);var h=e.ownerDocument;e=(h.defaultView||h.parentWindow).frameElement;d=e.getBoundingClientRect()}catch(m){break}this.P=f;c=c||g;this.$=(&quot;CSS1Compat&quot;==c.document.compatMode?c.document.documentElement:c.document.body).clientHeight;b=b&amp;&amp;({visible:1,hidden:2,prerender:3,preview:4}[b.webkitVisibilityState||b.mozVisibilityState||b.visibilityState||&quot;&quot;]||0);this.aa=!!a&amp;&amp;!(2==b||3==b)&amp;&amp;!(this.h.top>=this.h.bottom&amp;&amp;this.h.left>=this.h.right)},va=function(){var a=new ua;return a.O&amp;&amp;(!a.aa||a.P>=a.$)};var V=function(a,b,c,d){this.G=a;this.R=b;this.T=c;this.m=0;this.l=document.getElementById(&quot;mtadmas&quot;);this.M=document.getElementById(&quot;mtadmaundo&quot;);this.C=document.getElementById(&quot;mtadmac&quot;);this.D=document.getElementById(&quot;mtadmback&quot;);this.J=document.getElementById(&quot;mtadmpc&quot;);this.N=document.getElementById(&quot;mtadmpundo&quot;);this.A=document.getElementById(&quot;mtadmpunclose&quot;);this.L=this.u=this.H=this.F=null;this.v=0;this.i=null;this.j=!1;this.s=null;this.W=d?d.getAdsLength():1;(this.g=d)&amp;&amp;this.g.registerWidget(this,0);this.I=0},wa=function(a){for(var b=document.getElementsByName(&quot;surveyOptions&quot;),c=0;c<b.length;c++)Q(b[c],l(a.X,a,b[c].value));a.M&amp;&amp;Q(a.M,l(a.B,a,&quot;1&quot;));a.N&amp;&amp;Q(a.N,l(a.B,a,&quot;3&quot;));a.A&amp;&amp;Q(a.A,l(a.Y,a));a.D&amp;&amp;Q(a.D,l(a.back,a));a.g&amp;&amp;(a.g.listenOnObject(&quot;mute_option_selected&quot;,l(a.K,a)),a.g.forEachAd(l(function(a){a.listenOnObject(&quot;multislot_mute_collapse&quot;,l(this.V,this));a.listenOnObject(&quot;multislot_mute_collapse_undo&quot;,l(this.U,this))},a)))};V.prototype.K=function(a){this.F=a.close_button_token;this.H=a.creative_conversion_url;this.u=a.ablation_config;this.L=a.undo_callback;this.v=a.creative_index||0;this.g&amp;&amp;(this.s=this.g.getAd(this.v));if(1===a.type){a=L(&quot;survey&quot;);for(var b=&quot;survey_&quot;+this.v,c=0;c<a.length;c++)a[c].style.display=a[c].id==b?&quot;block&quot;:&quot;none&quot;;a=document.getElementsByName(&quot;surveyOptions&quot;);for(b=0;b<a.length;b++)a[b].checked=!1;this.l.style.display=&quot;block&quot;;W(this);X(this)}else 0===a.type&amp;&amp;(this.J.style.display=&quot;block&quot;,this.l.style.display=&quot;none&quot;,W(this),xa(this,document.getElementById(&quot;pub-feedback-closing&quot;),this.u))};var Y=function(a){a.i&amp;&amp;(window.clearInterval(a.i),a.i=null,a.j=!1);K(&quot;pub-feedback-closing&quot;).style.display=&quot;none&quot;;K(&quot;ad-feedback-closing&quot;).style.display=&quot;none&quot;};V.prototype.B=function(a){this.j||(Y(this),R(Z(this,&quot;user_feedback_undo&quot;,a)),this.L())};V.prototype.Y=function(){var a={msg_type:&quot;resize-me&quot;};a.key_value=[{key:&quot;r_nh&quot;,value:String(this.I)},{key:&quot;r_str&quot;,value:&quot;animate&quot;}];a=T(a);window.top.postMessage(a,&quot;*&quot;);this.j=!1;this.B(&quot;3&quot;)};V.prototype.back=function(){this.j||(Y(this),this.l.style.display=&quot;block&quot;,W(this),X(this))};V.prototype.X=function(a){this.C.style.display=&quot;block&quot;;this.l.style.display=&quot;none&quot;;X(this);R(Z(this,&quot;mute_survey_option&quot;,a));a=document.getElementById(&quot;ad-feedback-closing&quot;);this.m\n<this.W-1&amp;&amp;this.g&amp;&amp;this.R?ya(this,a):xa(this,a,this.u)};var Z=function(a,b,c){return a.H+&quot;&amp;label=&quot;+b+&quot;&amp;cbt=&quot;+a.F+&quot;&amp;label_instance=&quot;+c},W=function(a){a.C.style.display=&quot;none&quot;},X=function(a){a.J.style.display=&quot;none&quot;},za=function(a,b,c,d,e,f){var h=c+d;if(!(0>e||e>h||a.i)){var m=na();c=l(function(){var a=&quot;&quot;;h<=d&amp;&amp;0<h&amp;&amp;(a=m.replace(&quot;%1$d&quot;,String(h)));b.style.display=a?&quot;inline&quot;:&quot;none&quot;;if(&quot;textContent&quot;in b)b.textContent=a;else if(3==b.nodeType)b.data=a;else if(b.firstChild&amp;&amp;3==b.firstChild.nodeType){for(;b.lastChild!=b.firstChild;)b.removeChild(b.lastChild);b.firstChild.data=a}else{for(var c;c=b.firstChild;)b.removeChild(c);b.appendChild((9==b.nodeType?b:b.ownerDocument||b.document).createTextNode(String(a)))}if(h==e)try{this.j=!0,f()}catch(q){}0>=h&amp;&amp;Y(this);h--},a);c();0<=h&amp;&amp;(a.i=window.setInterval(c,1E3))}},xa=function(a,b,c){if(c&amp;&amp;window.top&amp;&amp;window.top.postMessage){var d=qa(c),e=pa(d),f=&quot;resize-me&quot;==d.msg_type&amp;&amp;&quot;animate&quot;==e.r_str;if(&quot;ablate-me&quot;==d.msg_type&amp;&amp;e[&quot;collapse-after-close&quot;]||f&amp;&amp;!va())a.A&amp;&amp;(a.I=window.innerHeight,f=document.getElementById(&quot;cbtf&quot;),f=oa(p||(p=new O),f)[1],f=Aa(a.S,f),c=Ba(d,f)),za(a,b,n(e[&quot;secs-to-countdown&quot;],1),n(e.countdown,0),n(e[&quot;message-tick&quot;],1),function(){window.top.postMessage(c,&quot;*&quot;)})}},Ba=function(a,b){if(!isNaN(b)&amp;&amp;isFinite(b)){var c=!1;if(a.key_value){for(var d=a.key_value,e=0;e<d.length;e++){var f=d[e];if(&quot;key&quot;in f&amp;&amp;&quot;value&quot;in f&amp;&amp;&quot;r_nh&quot;==f.key){c=!0;f.value=b.toString();break}}c||d.push({key:&quot;r_nh&quot;,value:b.toString()})}}return T(a)};V.prototype.S=function(a){var b=P(a);a=P(a.parentNode.parentNode);return parseInt(b.height,10)+parseInt(b.marginTop,10)+parseInt(a.marginTop,10)};var Aa=function(a,b){for(var c=[],d=b;d&amp;&amp;&quot;BODY&quot;!=d.tagName;d=d.parentNode)d.style&amp;&amp;&quot;block&quot;!=d.style.display&amp;&amp;(c.push({el:d,val:d.style.display}),d.style.display=&quot;block&quot;);for(var d=a(b),e;e=c.pop();)void 0!==e.Z&amp;&amp;(e.ba.style.display=e.Z);return d},ya=function(a,b){za(a,b,1,a.T,0,l(function(){var a={creative_index:this.s.getIndex(),undo_pingback_url:Z(this,&quot;user_feedback_undo&quot;,&quot;1&quot;)};this.s.fireOnObject(&quot;multislot_mute_collapse&quot;,a)},a))};V.prototype.V=function(){this.m++;this.g.resetAll()};V.prototype.U=function(){0\n<this.m&amp;&amp;this.m--};V.prototype.show=function(){this.G.style.display=&quot;block&quot;};V.prototype.hide=function(){this.G.style.display=&quot;none&quot;};V.prototype.reset=function(){this.hide()};V.prototype.show=V.prototype.show;V.prototype.hide=V.prototype.hide;V.prototype.reset=V.prototype.reset;V.prototype.setupSurveyPage=V.prototype.K;k(&quot;cmtads&quot;,function(a,b){var c=null,d=document.getElementById(&quot;cbtf&quot;);d&amp;&amp;(c=new V(d,!!a,b||0,window.adSlot),wa(c));c&amp;&amp;k(&quot;muteSurvey&quot;,c);return c});}).call(this);cmtads(true,0);\n\/\/ ]]><\/script><script>\/\/ <![CDATA[\nadSlot.finalize('ads');registerAdLocationExtensionRedirectPing(adSlot);\n\/\/ ]]><\/script><\/p>\n","protected":false},"excerpt":{"rendered":"<p>Rekreativci boksali s prvakom Hrvatske Filipom Hrgovi\u0107em Ideja je bila, kazali su iz kluba, promovirati boks kao izvrstan na\u010din osloba\u0111anja stresa &nbsp; &nbsp; Aktualni najbolji boksa\u010d 24. pojedina\u010dnog prvenstva prvenstva [&hellip;]<\/p>\n","protected":false},"author":1,"featured_media":0,"parent":0,"menu_order":0,"comment_status":"open","ping_status":"open","template":"","meta":{"footnotes":""},"class_list":["post-119","page","type-page","status-publish","hentry"],"_links":{"self":[{"href":"https:\/\/bkoptimist.hr\/index.php?rest_route=\/wp\/v2\/pages\/119","targetHints":{"allow":["GET"]}}],"collection":[{"href":"https:\/\/bkoptimist.hr\/index.php?rest_route=\/wp\/v2\/pages"}],"about":[{"href":"https:\/\/bkoptimist.hr\/index.php?rest_route=\/wp\/v2\/types\/page"}],"author":[{"embeddable":true,"href":"https:\/\/bkoptimist.hr\/index.php?rest_route=\/wp\/v2\/users\/1"}],"replies":[{"embeddable":true,"href":"https:\/\/bkoptimist.hr\/index.php?rest_route=%2Fwp%2Fv2%2Fcomments&post=119"}],"version-history":[{"count":5,"href":"https:\/\/bkoptimist.hr\/index.php?rest_route=\/wp\/v2\/pages\/119\/revisions"}],"predecessor-version":[{"id":127,"href":"https:\/\/bkoptimist.hr\/index.php?rest_route=\/wp\/v2\/pages\/119\/revisions\/127"}],"wp:attachment":[{"href":"https:\/\/bkoptimist.hr\/index.php?rest_route=%2Fwp%2Fv2%2Fmedia&parent=119"}],"curies":[{"name":"wp","href":"https:\/\/api.w.org\/{rel}","templated":true}]}}