{"id":135,"date":"2015-12-28T19:04:51","date_gmt":"2015-12-28T19:04:51","guid":{"rendered":"http:\/\/bkoptimist.hr\/?page_id=135"},"modified":"2015-12-28T19:04:51","modified_gmt":"2015-12-28T19:04:51","slug":"jeste-li-znali","status":"publish","type":"page","link":"https:\/\/bkoptimist.hr\/?page_id=135","title":{"rendered":"Jeste li znali?"},"content":{"rendered":"<p><span style=\"color: #999999;\">&#8211;\u00a0Boks je postao legalan sport\u00a0 1901. godine.<\/span><\/p>\n<p><span style=\"color: #999999;\">&#8211;\u00a0Muhammad Ali po\u010deo je trenirati\u00a0boks od 12 godine, nakon \u0161to mu je bicikl bio ukraden pa mu je jedan od policajaca savjetovao da trenira boks.<\/span><\/p>\n<p><span style=\"color: #999999;\"><a style=\"color: #999999;\" href=\"https:\/\/bkoptimist.hr\/wp-content\/uploads\/2015\/12\/muhammad-ali.jpg\"><img loading=\"lazy\" decoding=\"async\" class=\"alignnone size-post-size wp-image-136\" src=\"https:\/\/bkoptimist.hr\/wp-content\/uploads\/2015\/12\/muhammad-ali-460x443.jpg\" alt=\"muhammad-ali\" width=\"460\" height=\"443\" \/><\/a><\/span><\/p>\n<p><span style=\"color: #999999;\">&#8211; \u00a0Ring je u obliku kvadrata, ome\u0111en sa svih strana sa tri reda konopca ukupne visine 130 cm. U uglovima su pri\u010dvr\u0161\u0107eni za stupove. Visina stupa je\u00a0<a style=\"color: #999999;\" name=\"140 cm\"><\/a>140 cm. Pod u ringu je ravan, napravljen <a style=\"color: #999999;\" name=\"od dasaka\"><\/a><a style=\"color: #999999;\" name=\"od dasaka\"><\/a>od dasaka koje se ne ugibaju. pokriven je, naj\u010de\u0161\u0107e gumom, debljine 1,5 do 1,9 cm. Preko se stavlja dobro zategnuta cerada. Podijum je visine od 91 do 122 cm.<\/span><\/p>\n<p><span style=\"color: #999999;\">&#8211; \u00a0U opremu boksera spadaju: ga\u0107ice (do polovine butina), majica bez rukava (pokrivena prsa i le\u0111a), \u010darape, lake duboke cipele od ko\u017ee i platna, za\u0161titna \u0161koljka (obavezno), pojas \u0161irine 5 cm, sa bojom ugla (crveni ili plavi). <a style=\"color: #999999;\" name=\"Za\u0161titna maska\"><\/a>Za\u0161titna maska za glavu (headgard) obavezna je na OI, SP i svjetskom kupu. Za\u0161titna guma za zube je obavezna na svim takmi\u010denjima. Rukavice od pero do velter kategorije (od 48 kg do 67 kg) te\u017ee 248,8 grama, a od polusrednje do superte\u0161ke (od 71 kg nadalje) -311 grama. Takmi\u010dar omotava \u0161aku kirur\u0161kim zavojem prije navla\u010denja rukavica.<\/span><\/p>\n<p><span style=\"color: #999999;\">&#8211; \u00a0Kategorije. Bokseri su podijeljeni u <a style=\"color: #999999;\" name=\"12 kategorija\"><\/a>12 kategorija prema te\u017eini: do 48 kg-pero, do 51-muha, do 54-bantam,do 57-perolaka, do 60-laka, do 63,5-poluvelter, do 67-velter, do 71-polusrednja, do 75-srednja, do 81-polute\u0161ka, do 91-te\u0161ka, preko 91-superte\u0161ka. Mjerenje se obavlja na decimalnoj vagi i traje jedan sat. Mo\u017ee po\u010deti najranije <a style=\"color: #999999;\" name=\"8 \u010dasova\"><\/a>8 sati\u00a0prije po\u010detka takmi\u010denja, najkasnije 3 sata. Mjeri se potpuno gol\u00a0bokser.<\/span><\/p>\n<p><span style=\"color: #999999;\">&#8211; \u00a0Vijeme &#8211; borbe se odr\u017eavaju u tri runde, jedna runda traje <a style=\"color: #999999;\" name=\"3 minuta\"><\/a>3 minuta aktivnog vremena borbe.<\/span><\/p>\n<p><span style=\"color: #999999;\">&#8211; \u00a0Borba po\u010dinje na sredini ringa, a po\u010detak, kao i zavr\u0161etak ozna\u010dava se udarcem u gong. Odmor traje po jedan minut, izme\u0111u svake runde. Na\u010din udarca mo\u017ee biti: kro\u0161e-udarac sa strane, aperkat-udarac odozdo i direkt-direktan udarac pod pravim uglom. Dozvoljena mjesta za udarac su <a style=\"color: #999999;\" name=\"lice i prednja strana tijela\"><\/a>lice i prednja strana tijela-od pojasa nagore.<\/span><\/p>\n<p><span style=\"color: #999999;\">&#8211; Komande: stop-kad sudija zaustavlja borbu, boks-kad nare\u0111uje po\u010detak ili nastavak borbe, break-kad razdvaja takmi\u010dare u klin\u010du. Klin\u010d je me\u0111usobni polo\u017eaj takmi\u010dara u borbi izbliza pri kome je svako dalje odvijanje borbe nemogu\u0107e. Ako se bokseri na\u0111u u klin\u010du, a ne razdvoje se sami, razdvoji\u0107e ih sudija komandom &#8220;break&#8221;, bez ikakve fizi\u010dke inervencije.<\/span><\/p>\n<p><span style=\"color: #999999;\">&#8211; Knockdown &#8211; kad je takmi\u010dar uslijed dobijenih udaraca ili usljed iscrpljenosti prinu\u0111en da, osim stopalima , dodiruje ring\u00a0 nekim drugim dijelom tijela ili ako se oslanja na konopce i ne pru\u017ea otpor protivniku. Isto tako, ako za vrijeme borbe, bez krivice protivnika, potpuno ili djelimi\u010dno ispadne iz ringa. Odbrojavanje kod knockdown-a &#8211; sudija odmah nare\u0111uje\u00a0&#8220;stop&#8221; \u0161to se ra\u010duna kao prva sekunda, a potom nastavlja sa brojanjem od dva, u razmaku od jedne sekunde. Ako je bokser u toku jedne runde tre\u0107i put u knockdown-u ili \u010detvrti put u toku borbe-borba se obustavlja.<\/span><\/p>\n<p><span style=\"color: #999999;\">&#8211; \u00a0U neutralni ugao je du\u017ean da se povu\u010de jedan bokser, kada je drugi bokser u knockdown-u, i da u njemu stoji okrenut ka sudiji u ringu, bez oslanjanja na konopce. Bokseru u knockdown-u, sudija je du\u017ean glasno brojati najmanje do 8, pa tek onda komandom &#8220;boks&#8221; mo\u017ee\u00a0dozvoliti nastavak. Bokseru koji ostane u knockdown-u do <a style=\"color: #999999;\" name=\"10 sekundi\"><\/a>10 sekundi, sudija izgovara &#8220;out&#8221;.\u00a0<\/span><\/p>\n<p><span style=\"color: #999999;\">&#8211; \u00a0Javna opomena &#8211; mogu se izre\u0107i najvi\u0161e tri javne opomene u toku cijele borbe (izri\u010de sudija u ringu). <a style=\"color: #999999;\" name=\"Tre\u0107a javna opomena\"><\/a>Tre\u0107a javna opomena povla\u010di diskvalifikaciju. Zbog zabranjenih udaraca i postupaka, tako\u0111e se mogu uz bodove i pomo\u0107u poena takmi\u010dari trenutno diskvalificirati.<\/span><\/p>\n<p><span style=\"color: #999999;\">&#8211; \u00a0Postoji sedam mogu\u0107nosti za zavr\u0161etak me\u010da : 1.odluka po bodovima, 2.pobjeda zbog napu\u0161tanja borbe od strane protivnika, 3.pobjeda obustavom borbe od strane sudije u ringu, 4.odluka diskvalifikacijom takmi\u010dara, 5.pobjeda nokautom, 6.pobjeda bez borbe, 7.borba bez odluke. Odluku po bodovima donose bodovne sudije (do pet sudija) koji sjede za posebnim stolovima na razli\u010ditim stranama ringa. Bodovanje se vr\u0161i pomo\u0107u bodova i poena. Tri pomo\u0107na poena \u010dine jedan bod.<\/span><\/p>\n<p><span style=\"color: #999999;\">\u00a0&#8211; Borbe vodi sudijska ekipa od najmanje tri a najvi\u0161e osam sudija. Uvijek se jedan \u010dlan odre\u0111uje za vrhovnog sudiju, a jedan ili dva za mjerioca vremena. Borbu mo\u017ee bodovati samo neparan broj sudija. Sudija u ringu je jedino lice koje se pored takmi\u010dara za vrijeme borbe smije nalaziti u ringu.<\/span><\/p>\n<p>&nbsp;<\/p>\n","protected":false},"excerpt":{"rendered":"<p>&#8211;\u00a0Boks je postao legalan sport\u00a0 1901. godine. &#8211;\u00a0Muhammad Ali po\u010deo je trenirati\u00a0boks od 12 godine, nakon \u0161to mu je bicikl bio ukraden pa mu je jedan od policajaca savjetovao da [&hellip;]<\/p>\n","protected":false},"author":1,"featured_media":0,"parent":0,"menu_order":0,"comment_status":"open","ping_status":"open","template":"","meta":{"footnotes":""},"class_list":["post-135","page","type-page","status-publish","hentry"],"_links":{"self":[{"href":"https:\/\/bkoptimist.hr\/index.php?rest_route=\/wp\/v2\/pages\/135","targetHints":{"allow":["GET"]}}],"collection":[{"href":"https:\/\/bkoptimist.hr\/index.php?rest_route=\/wp\/v2\/pages"}],"about":[{"href":"https:\/\/bkoptimist.hr\/index.php?rest_route=\/wp\/v2\/types\/page"}],"author":[{"embeddable":true,"href":"https:\/\/bkoptimist.hr\/index.php?rest_route=\/wp\/v2\/users\/1"}],"replies":[{"embeddable":true,"href":"https:\/\/bkoptimist.hr\/index.php?rest_route=%2Fwp%2Fv2%2Fcomments&post=135"}],"version-history":[{"count":6,"href":"https:\/\/bkoptimist.hr\/index.php?rest_route=\/wp\/v2\/pages\/135\/revisions"}],"predecessor-version":[{"id":142,"href":"https:\/\/bkoptimist.hr\/index.php?rest_route=\/wp\/v2\/pages\/135\/revisions\/142"}],"wp:attachment":[{"href":"https:\/\/bkoptimist.hr\/index.php?rest_route=%2Fwp%2Fv2%2Fmedia&parent=135"}],"curies":[{"name":"wp","href":"https:\/\/api.w.org\/{rel}","templated":true}]}}