{"id":18,"date":"2015-01-29T16:29:40","date_gmt":"2015-01-29T16:29:40","guid":{"rendered":"http:\/\/bkoptimist.hr\/?page_id=18"},"modified":"2016-02-26T20:05:11","modified_gmt":"2016-02-26T20:05:11","slug":"time-out","status":"publish","type":"page","link":"https:\/\/bkoptimist.hr\/?page_id=18","title":{"rendered":"Time Out"},"content":{"rendered":"<div class=\"vc_row wpb_row vc_row-fluid\"  >\n\t<div class=\"vc_col-sm-12 wpb_column vc_column_container \">\n\t\t<div class=\"wpb_wrapper\">\n\t\t\t\n\t<div class=\"wpb_text_column wpb_content_element \">\n\t\t<div class=\"wpb_wrapper\">\n\t\t\t<p>Time out<\/p>\n\n\t\t<\/div> \n\t<\/div> <div class=\"vc_separator wpb_content_element vc_sep_width_100 vc_separator_no_text vc_sep_color_grey\">\n\t<span class=\"vc_sep_holder vc_sep_holder_l\"><span class=\"vc_sep_line\"><\/span><\/span>\n\t\t<span class=\"vc_sep_holder vc_sep_holder_r\"><span class=\"vc_sep_line\"><\/span><\/span>\n<\/div>\n\n\n\t\t<\/div> \n\t<\/div> \n<\/div><div class=\"vc_row-full-width\"><\/div>\t<div class=\"vc_row wpb_row vc_row-fluid\"  >\n\t<div class=\"vc_col-sm-12 wpb_column vc_column_container \">\n\t\t<div class=\"wpb_wrapper\">\n\t\t\t\n\t<div class=\"wpb_single_image wpb_content_element vc_align_left\">\n\t\t<div class=\"wpb_wrapper\">\n\t\t\t\n\t\t\t<div class=\"vc_single_image-wrapper   vc_box_border_grey\"><img loading=\"lazy\" decoding=\"async\" width=\"300\" height=\"150\" src=\"https:\/\/bkoptimist.hr\/wp-content\/uploads\/2015\/01\/povijest-slika-300x150.jpg\" class=\"vc_single_image-img attachment-medium\" alt=\"\" srcset=\"https:\/\/bkoptimist.hr\/wp-content\/uploads\/2015\/01\/povijest-slika-300x150.jpg 300w, https:\/\/bkoptimist.hr\/wp-content\/uploads\/2015\/01\/povijest-slika.jpg 561w\" sizes=\"auto, (max-width: 300px) 100vw, 300px\" \/><\/div>\n\t\t<\/div> \n\t<\/div> \n\t<div class=\"wpb_text_column wpb_content_element \">\n\t\t<div class=\"wpb_wrapper\">\n\t\t\t<h2>Jimmy Lyggett, crnac na \u010delu boksa\u010dke reprezentacije NDH<\/h2>\n<p>Autor: Marin\u00a0Penavi\u0107 (preuzeto s portala Jutarnjeg lista)<\/p>\n<p><strong>Neobi\u010dno ali istinito: u mra\u010dna vremena terora nad pripadnicima drugih nacija i rasa, u Zagrebu je kut nacionalnog boksa\u010dkog ringa dr\u017eao ameri\u010dki profesionalac crne boje ko\u017ee<\/strong><\/p>\n\n\t\t<\/div> \n\t<\/div> <div class=\"vc_button-2-wrapper vc_button-2-align-inline\"><a class=\"vc_btn vc_btn_blue vc_btn-blue vc_btn_md vc_btn-md vc_btn_rounded\" href=\"http:\/\/bkoptimist.hr\/?page_id=32\" title=\"Jimmy Lyggett\" target=\"\">Pro\u010ditaj vi\u0161e<\/a><\/div>\n\n\t\t<\/div> \n\t<\/div> \n<\/div><div class=\"vc_row-full-width\"><\/div>\t<div class=\"vc_row wpb_row vc_row-fluid\"  ><\/div><div class=\"vc_row-full-width\"><\/div>\t<div class=\"vc_row wpb_row vc_row-fluid\"  >\n\t<div class=\"vc_col-sm-6 wpb_column vc_column_container \">\n\t\t<div class=\"wpb_wrapper\">\n\t\t\t\n\t<div class=\"wpb_single_image wpb_content_element vc_align_left\">\n\t\t<div class=\"wpb_wrapper\">\n\t\t\t\n\t\t\t<div class=\"vc_single_image-wrapper   vc_box_border_grey\"><img loading=\"lazy\" decoding=\"async\" class=\"vc_single_image-img \" src=\"https:\/\/bkoptimist.hr\/wp-content\/uploads\/2015\/12\/optimist_filip-200x300.jpg\" width=\"200\" height=\"300\" alt=\"optimist_filip\" title=\"optimist_filip\" \/><\/div>\n\t\t<\/div> \n\t<\/div> \n\t<div class=\"wpb_text_column wpb_content_element \">\n\t\t<div class=\"wpb_wrapper\">\n\t\t\t<h4 class=\"title-page\">FILIP HRGOVI\u0106 &amp; OPTIMISTi<\/h4>\n\n\t\t<\/div> \n\t<\/div> <div class=\"vc_button-2-wrapper vc_button-2-align-inline\"><a class=\"vc_btn vc_btn_blue vc_btn-blue vc_btn_md vc_btn-md vc_btn_rounded\" href=\"http:\/\/bkoptimist.hr\/?page_id=119\" title=\"\" target=\"\">Pro\u010ditajte vi\u0161e<\/a><\/div>\n\n\t\t<\/div> \n\t<\/div> \n\n\t<div class=\"vc_col-sm-6 wpb_column vc_column_container \">\n\t\t<div class=\"wpb_wrapper\">\n\t\t\t\n\t<div class=\"wpb_single_image wpb_content_element vc_align_left\">\n\t\t<div class=\"wpb_wrapper\">\n\t\t\t\n\t\t\t<div class=\"vc_single_image-wrapper   vc_box_border_grey\"><img loading=\"lazy\" decoding=\"async\" class=\"vc_single_image-img \" src=\"https:\/\/bkoptimist.hr\/wp-content\/uploads\/2015\/12\/rocky_optimist-300x300.jpg\" width=\"300\" height=\"300\" alt=\"rocky_optimist\" title=\"rocky_optimist\" \/><\/div>\n\t\t<\/div> \n\t<\/div> <div class=\"vc_button-2-wrapper vc_button-2-align-inline\"><a class=\"vc_btn vc_btn_blue vc_btn-blue vc_btn_md vc_btn-md vc_btn_rounded\" href=\"http:\/\/bkoptimist.hr\/?page_id=135\" title=\"\" target=\"\">Jeste li znali?<\/a><\/div>\n\n\t\t<\/div> \n\t<\/div> \n<\/div><div class=\"vc_row-full-width\"><\/div>\t<div class=\"vc_row wpb_row vc_row-fluid\"  >\n\t<div class=\"vc_col-sm-4 wpb_column vc_column_container \">\n\t\t<div class=\"wpb_wrapper\">\n\t\t\t\n\t<div class=\"wpb_single_image wpb_content_element vc_align_left\">\n\t\t<div class=\"wpb_wrapper\">\n\t\t\t<h2 class=\"wpb_heading wpb_singleimage_heading\">HRT1- \u017divot je lijep<\/h2>\n\t\t\t<a href=\"https:\/\/bkoptimist.hr\/?page_id=156\" target=\"_self\"><div class=\"vc_single_image-wrapper   vc_box_border_grey\"><img loading=\"lazy\" decoding=\"async\" width=\"480\" height=\"252\" src=\"https:\/\/bkoptimist.hr\/wp-content\/uploads\/2015\/01\/bkoptimist_zivot_je_lijep.jpg\" class=\"vc_single_image-img attachment-full\" alt=\"\" srcset=\"https:\/\/bkoptimist.hr\/wp-content\/uploads\/2015\/01\/bkoptimist_zivot_je_lijep.jpg 480w, https:\/\/bkoptimist.hr\/wp-content\/uploads\/2015\/01\/bkoptimist_zivot_je_lijep-300x158.jpg 300w\" sizes=\"auto, (max-width: 480px) 100vw, 480px\" \/><\/div><\/a>\n\t\t<\/div> \n\t<\/div> <div class=\"vc_button-2-wrapper vc_button-2-align-inline\"><a class=\"vc_btn vc_btn_blue vc_btn-blue vc_btn_md vc_btn-md vc_btn_rounded\" href=\"http:\/\/bkoptimist.hr\/?page_id=156\" title=\"\u017divot je lijep\" target=\"\">Pogledajte<\/a><\/div>\n\n\t\t<\/div> \n\t<\/div> \n\n\t<div class=\"vc_col-sm-4 wpb_column vc_column_container \">\n\t\t<div class=\"wpb_wrapper\">\n\t\t\t\n\t\t<\/div> \n\t<\/div> \n\n\t<div class=\"vc_col-sm-4 wpb_column vc_column_container \">\n\t\t<div class=\"wpb_wrapper\">\n\t\t\t\n\t\t<\/div> \n\t<\/div> \n<\/div><div class=\"vc_row-full-width\"><\/div>\n","protected":false},"excerpt":{"rendered":"Time out Jimmy Lyggett, crnac na \u010delu boksa\u010dke reprezentacije NDH Autor: Marin\u00a0Penavi\u0107 (preuzeto s portala Jutarnjeg lista) Neobi\u010dno ali istinito: u mra\u010dna vremena terora nad pripadnicima drugih nacija i rasa, [...]","protected":false},"author":1,"featured_media":0,"parent":0,"menu_order":0,"comment_status":"open","ping_status":"open","template":"","meta":{"footnotes":""},"class_list":["post-18","page","type-page","status-publish","hentry"],"_links":{"self":[{"href":"https:\/\/bkoptimist.hr\/index.php?rest_route=\/wp\/v2\/pages\/18","targetHints":{"allow":["GET"]}}],"collection":[{"href":"https:\/\/bkoptimist.hr\/index.php?rest_route=\/wp\/v2\/pages"}],"about":[{"href":"https:\/\/bkoptimist.hr\/index.php?rest_route=\/wp\/v2\/types\/page"}],"author":[{"embeddable":true,"href":"https:\/\/bkoptimist.hr\/index.php?rest_route=\/wp\/v2\/users\/1"}],"replies":[{"embeddable":true,"href":"https:\/\/bkoptimist.hr\/index.php?rest_route=%2Fwp%2Fv2%2Fcomments&post=18"}],"version-history":[{"count":15,"href":"https:\/\/bkoptimist.hr\/index.php?rest_route=\/wp\/v2\/pages\/18\/revisions"}],"predecessor-version":[{"id":161,"href":"https:\/\/bkoptimist.hr\/index.php?rest_route=\/wp\/v2\/pages\/18\/revisions\/161"}],"wp:attachment":[{"href":"https:\/\/bkoptimist.hr\/index.php?rest_route=%2Fwp%2Fv2%2Fmedia&parent=18"}],"curies":[{"name":"wp","href":"https:\/\/api.w.org\/{rel}","templated":true}]}}