{"id":97,"date":"2015-01-29T21:59:35","date_gmt":"2015-01-29T21:59:35","guid":{"rendered":"http:\/\/bkoptimist.hr\/?page_id=97"},"modified":"2016-04-27T22:22:31","modified_gmt":"2016-04-27T22:22:31","slug":"treninzi","status":"publish","type":"page","link":"https:\/\/bkoptimist.hr\/?page_id=97","title":{"rendered":"Treninzi"},"content":{"rendered":"<div class=\"vc_row wpb_row vc_row-fluid\"  >\n\t<div class=\"vc_col-sm-12 wpb_column vc_column_container \">\n\t\t<div class=\"wpb_wrapper\">\n\t\t\t<div class=\"vc_separator wpb_content_element vc_sep_width_100 vc_sep_pos_align_center vc_separator_no_text vc_sep_color_grey\">\n\t<span class=\"vc_sep_holder vc_sep_holder_l\"><span class=\"vc_sep_line\"><\/span><\/span>\n\t\t<span class=\"vc_sep_holder vc_sep_holder_r\"><span class=\"vc_sep_line\"><\/span><\/span>\n<\/div>\n\n\n\t\t<\/div> \n\t<\/div> \n<\/div><div class=\"vc_row-full-width\"><\/div>\t<div class=\"vc_row wpb_row vc_row-fluid\"  >\n\t<div class=\"vc_col-sm-3 wpb_column vc_column_container \">\n\t\t<div class=\"wpb_wrapper\">\n\t\t\t<div class=\"vc_toggle vc_toggle_round vc_toggle_color_blue  vc_toggle_size_md vc_toggle_active\">\n\t<div class=\"vc_toggle_title\"><h4>Ponedjeljak<\/h4><i class=\"vc_toggle_icon\"><\/i><\/div>\n\t<div class=\"vc_toggle_content\"><p class=\"p1\"><strong><span class=\"s1\">08:30-09:30<br \/>\n<\/span><\/strong>Boks<\/p>\n<p class=\"p1\"><strong><span class=\"s1\">18-19<br \/>\n<\/span><\/strong>Boks<\/p>\n<p class=\"p1\"><strong><span class=\"s1\">19-20<br \/>\n<\/span><\/strong>Boks<\/p>\n<p class=\"p1\"><strong>20-21<\/strong><span class=\"s1\"><br \/>\n<\/span>Boks<\/p>\n<p class=\"p1\"><strong>21-22<span class=\"s1\"><br \/>\n<\/span><\/strong>Boks<\/p>\n<\/div>\n<\/div>\n\t\t<\/div> \n\t<\/div> \n\n\t<div class=\"vc_col-sm-3 wpb_column vc_column_container \">\n\t\t<div class=\"wpb_wrapper\">\n\t\t\t<div class=\"vc_toggle vc_toggle_round vc_toggle_color_pink  vc_toggle_size_md vc_toggle_active\">\n\t<div class=\"vc_toggle_title\"><h4>Utorak<\/h4><i class=\"vc_toggle_icon\"><\/i><\/div>\n\t<div class=\"vc_toggle_content\"><p class=\"p1\"><strong><span class=\"s1\">08:30-09:30<br \/>\n<\/span><\/strong>Boks<\/p>\n<p class=\"p1\"><strong><span class=\"s1\"><br \/>\n<\/span><\/strong><\/p>\n<p class=\"p1\"><strong>19-20<span class=\"s1\"><br \/>\n<\/span><\/strong>Boks<\/p>\n<p class=\"p1\"><strong>20-21<span class=\"s1\"><br \/>\n<\/span><\/strong>Boks<\/p>\n<p class=\"p1\"><strong><span class=\"s1\"><br \/>\n<\/span><\/strong><\/p>\n<\/div>\n<\/div>\n\t\t<\/div> \n\t<\/div> \n\n\t<div class=\"vc_col-sm-3 wpb_column vc_column_container \">\n\t\t<div class=\"wpb_wrapper\">\n\t\t\t<div class=\"vc_toggle vc_toggle_round vc_toggle_color_peacoc  vc_toggle_size_md vc_toggle_active\">\n\t<div class=\"vc_toggle_title\"><h4>Srijeda<\/h4><i class=\"vc_toggle_icon\"><\/i><\/div>\n\t<div class=\"vc_toggle_content\"><p class=\"p1\"><strong><span class=\"s1\">08:30-09:30<br \/>\n<\/span><\/strong>Boks<\/p>\n<p class=\"p1\"><strong><span class=\"s1\">18-19<br \/>\n<\/span><\/strong>Boks<\/p>\n<p class=\"p1\"><strong><span class=\"s1\">19-20<br \/>\n<\/span><\/strong>Boks<\/p>\n<p class=\"p1\"><strong>20-21<\/strong><span class=\"s1\"><br \/>\n<\/span>Boks<\/p>\n<p class=\"p1\"><strong>21-22<span class=\"s1\"><br \/>\n<\/span><\/strong>Boks<\/p>\n<\/div>\n<\/div>\n\t\t<\/div> \n\t<\/div> \n\n\t<div class=\"vc_col-sm-3 wpb_column vc_column_container \">\n\t\t<div class=\"wpb_wrapper\">\n\t\t\t<div class=\"vc_toggle vc_toggle_round vc_toggle_color_chino  vc_toggle_size_md vc_toggle_active\">\n\t<div class=\"vc_toggle_title\"><h4>\u010cetvrtak<\/h4><i class=\"vc_toggle_icon\"><\/i><\/div>\n\t<div class=\"vc_toggle_content\"><p class=\"p1\"><strong><span class=\"s1\">08:30-09:30<br \/>\n<\/span><\/strong>Boks<\/p>\n<p class=\"p1\"><strong><span class=\"s1\"><br \/>\n<\/span><\/strong><\/p>\n<p class=\"p1\"><strong>19-20<span class=\"s1\"><br \/>\n<\/span><\/strong>Boks<\/p>\n<p class=\"p1\"><strong>20-21<span class=\"s1\"><br \/>\n<\/span><\/strong>Boks<\/p>\n<p class=\"p1\"><strong><span class=\"s1\"><br \/>\n<\/span><\/strong><\/p>\n<\/div>\n<\/div>\n\t\t<\/div> \n\t<\/div> \n<\/div><div class=\"vc_row-full-width\"><\/div>\t<div class=\"vc_row wpb_row vc_row-fluid\"  >\n\t<div class=\"vc_col-sm-3 wpb_column vc_column_container \">\n\t\t<div class=\"wpb_wrapper\">\n\t\t\t<div class=\"vc_toggle vc_toggle_round vc_toggle_color_blue  vc_toggle_size_md vc_toggle_active\">\n\t<div class=\"vc_toggle_title\"><h4>Petak<\/h4><i class=\"vc_toggle_icon\"><\/i><\/div>\n\t<div class=\"vc_toggle_content\"><p class=\"p1\"><strong><span class=\"s1\">08:30-09:30<br \/>\n<\/span><\/strong>Boks<\/p>\n<p class=\"p1\"><strong><span class=\"s1\">18-19<br \/>\n<\/span><\/strong>Boks<\/p>\n<p class=\"p1\"><strong><span class=\"s1\">19-20<br \/>\n<\/span><\/strong>Boks<\/p>\n<p class=\"p1\"><strong>20-21<\/strong><span class=\"s1\"><br \/>\n<\/span>Boks<\/p>\n<p class=\"p1\"><strong>21-22<span class=\"s1\"><br \/>\n<\/span><\/strong>Boks<\/p>\n<\/div>\n<\/div>\n\t\t<\/div> \n\t<\/div> \n\n\t<div class=\"vc_col-sm-3 wpb_column vc_column_container \">\n\t\t<div class=\"wpb_wrapper\">\n\t\t\t<br \/>\n\n\t\t<\/div> \n\t<\/div> \n<\/div><div class=\"vc_row-full-width\"><\/div>\t<div class=\"vc_row wpb_row vc_row-fluid\"  >\n\t<div class=\"vc_col-sm-12 wpb_column vc_column_container \">\n\t\t<div class=\"wpb_wrapper\">\n\t\t\t\n\t<div class=\"wpb_text_column wpb_content_element \">\n\t\t<div class=\"wpb_wrapper\">\n\t\t\t<ul class=\"uiList fbSettingsList _4kg _4ks\">\n<li>\n<div class=\"clearfix _2pi4\">\n<div class=\"_4bl9\">\n<div class=\"_50f4\">\n<div class=\"text_exposed_root text_exposed\"><span style=\"color: #ff0000;\">Do\u0111ite, oja\u010dajate duh i tijelo, nau\u010dite plemenitu vje\u0161tinu i postanite Optimisti<\/span><\/div>\n<\/div>\n<\/div>\n<\/div>\n<\/li>\n<\/ul>\n\n\t\t<\/div> \n\t<\/div> \n\t\t<\/div> \n\t<\/div> \n<\/div><div class=\"vc_row-full-width\"><\/div>\n","protected":false},"excerpt":{"rendered":"Ponedjeljak 08:30-09:30 Boks 18-19 Boks 19-20 Boks 20-21 Boks 21-22 Boks Utorak 08:30-09:30 Boks 19-20 Boks 20-21 Boks Srijeda 08:30-09:30 Boks 18-19 Boks 19-20 Boks 20-21 Boks 21-22 Boks \u010cetvrtak [...]","protected":false},"author":1,"featured_media":0,"parent":0,"menu_order":0,"comment_status":"open","ping_status":"open","template":"","meta":{"footnotes":""},"class_list":["post-97","page","type-page","status-publish","hentry"],"_links":{"self":[{"href":"https:\/\/bkoptimist.hr\/index.php?rest_route=\/wp\/v2\/pages\/97","targetHints":{"allow":["GET"]}}],"collection":[{"href":"https:\/\/bkoptimist.hr\/index.php?rest_route=\/wp\/v2\/pages"}],"about":[{"href":"https:\/\/bkoptimist.hr\/index.php?rest_route=\/wp\/v2\/types\/page"}],"author":[{"embeddable":true,"href":"https:\/\/bkoptimist.hr\/index.php?rest_route=\/wp\/v2\/users\/1"}],"replies":[{"embeddable":true,"href":"https:\/\/bkoptimist.hr\/index.php?rest_route=%2Fwp%2Fv2%2Fcomments&post=97"}],"version-history":[{"count":4,"href":"https:\/\/bkoptimist.hr\/index.php?rest_route=\/wp\/v2\/pages\/97\/revisions"}],"predecessor-version":[{"id":170,"href":"https:\/\/bkoptimist.hr\/index.php?rest_route=\/wp\/v2\/pages\/97\/revisions\/170"}],"wp:attachment":[{"href":"https:\/\/bkoptimist.hr\/index.php?rest_route=%2Fwp%2Fv2%2Fmedia&parent=97"}],"curies":[{"name":"wp","href":"https:\/\/api.w.org\/{rel}","templated":true}]}}